{"id":4570,"date":"2022-08-25T12:02:43","date_gmt":"2022-08-25T12:02:43","guid":{"rendered":"https:\/\/familiahomeschool.com\/?page_id=4570"},"modified":"2023-06-26T02:50:31","modified_gmt":"2023-06-26T02:50:31","slug":"evita-el-caos-en-homeschool","status":"publish","type":"page","link":"https:\/\/familiahomeschool.com\/index.php\/evita-el-caos-en-homeschool\/","title":{"rendered":"Evita el CAOS en homeschool"},"content":{"rendered":"<p>[et_pb_section fb_built=&#8221;1&#8243; fullwidth=&#8221;on&#8221; admin_label=&#8221;Hero&#8221; _builder_version=&#8221;4.16&#8243; _module_preset=&#8221;default&#8221; background_image=&#8221;https:\/\/familiahomeschool.com\/wp-content\/uploads\/2022\/04\/hdgdgh.jpg&#8221; parallax=&#8221;on&#8221; top_divider_style=&#8221;clouds2&#8243; top_divider_color=&#8221;rgba(255,255,255,0.3)&#8221; top_divider_height=&#8221;100%&#8221; bottom_divider_height=&#8221;30px&#8221; global_colors_info=&#8221;{}&#8221;][et_pb_fullwidth_header title=&#8221;TALLER&#8221; subhead=&#8221;Gesti\u00f3n del tiempo para mam\u00e1&#8221; text_orientation=&#8221;center&#8221; _builder_version=&#8221;4.20.4&#8243; _module_preset=&#8221;default&#8221; title_level=&#8221;h2&#8243; title_font=&#8221;Rubik|700||on|||||&#8221; title_text_color=&#8221;#ff7355&#8243; title_font_size=&#8221;16px&#8221; title_letter_spacing=&#8221;5px&#8221; title_line_height=&#8221;2em&#8221; content_font=&#8221;Rubik||||||||&#8221; content_font_size=&#8221;18px&#8221; content_line_height=&#8221;2em&#8221; subhead_font=&#8221;Rubik|700|||||||&#8221; subhead_text_color=&#8221;rgba(0,0,0,0.8)&#8221; subhead_font_size=&#8221;50px&#8221; subhead_line_height=&#8221;1.4em&#8221; background_color=&#8221;rgba(255,255,255,0)&#8221; use_background_color_gradient=&#8221;on&#8221; background_color_gradient_stops=&#8221;rgba(255,255,255,0.7) 0%|#ffffff 100%&#8221; background_color_gradient_start=&#8221;rgba(255,255,255,0.7)&#8221; background_color_gradient_end=&#8221;#ffffff&#8221; background_size=&#8221;contain&#8221; background_position=&#8221;bottom_center&#8221; custom_button_one=&#8221;on&#8221; button_one_text_size=&#8221;16px&#8221; button_one_text_color=&#8221;#ffffff&#8221; button_one_bg_color=&#8221;#ff7355&#8243; button_one_border_width=&#8221;15px&#8221; button_one_border_color=&#8221;rgba(210,159,104,0)&#8221; button_one_border_radius=&#8221;100px&#8221; button_one_letter_spacing=&#8221;0px&#8221; button_one_font=&#8221;Rubik|700|||||||&#8221; button_one_use_icon=&#8221;off&#8221; custom_button_two=&#8221;on&#8221; button_two_text_size=&#8221;16px&#8221; button_two_text_color=&#8221;#ffffff&#8221; button_two_bg_color=&#8221;rgba(0,0,0,0.6)&#8221; button_two_border_width=&#8221;15px&#8221; button_two_border_color=&#8221;rgba(210,159,104,0)&#8221; button_two_border_radius=&#8221;100px&#8221; button_two_letter_spacing=&#8221;0px&#8221; button_two_font=&#8221;Rubik|700|||||||&#8221; button_two_use_icon=&#8221;off&#8221; background_layout=&#8221;light&#8221; min_height=&#8221;46.3px&#8221; custom_margin=&#8221;|||&#8221; custom_padding=&#8221;0vw||0vw|||&#8221; animation_style=&#8221;slide&#8221; animation_direction=&#8221;bottom&#8221; animation_intensity_slide=&#8221;1%&#8221; hover_enabled=&#8221;0&#8243; subhead_font_size_tablet=&#8221;&#8221; subhead_font_size_phone=&#8221;30px&#8221; subhead_font_size_last_edited=&#8221;on|phone&#8221; button_one_border_radius_hover=&#8221;100px&#8221; button_two_border_radius_hover=&#8221;100px&#8221; button_one_bg_color_hover=&#8221;#ff8a70&#8243; button_two_bg_color_hover=&#8221;#ff8a70&#8243; global_colors_info=&#8221;{}&#8221; button_one_text_size__hover_enabled=&#8221;off&#8221; button_two_text_size__hover_enabled=&#8221;off&#8221; button_one_text_color__hover_enabled=&#8221;off&#8221; button_two_text_color__hover_enabled=&#8221;off&#8221; button_one_border_width__hover_enabled=&#8221;off&#8221; button_two_border_width__hover_enabled=&#8221;off&#8221; button_one_border_color__hover_enabled=&#8221;off&#8221; button_two_border_color__hover_enabled=&#8221;off&#8221; button_one_border_radius__hover_enabled=&#8221;on&#8221; button_one_border_radius__hover=&#8221;100px&#8221; button_two_border_radius__hover_enabled=&#8221;on&#8221; button_two_border_radius__hover=&#8221;100px&#8221; button_one_letter_spacing__hover_enabled=&#8221;off&#8221; button_two_letter_spacing__hover_enabled=&#8221;off&#8221; button_one_bg_color__hover_enabled=&#8221;on&#8221; button_one_bg_color__hover=&#8221;#ff8a70&#8243; button_two_bg_color__hover_enabled=&#8221;on&#8221; button_two_bg_color__hover=&#8221;#ff8a70&#8243; title_text=&#8221;14-b&#8221; header_image_url=&#8221;http:\/\/familiahomeschool.com\/wp-content\/uploads\/2023\/06\/14-b-1.jpg&#8221; sticky_enabled=&#8221;0&#8243;][\/et_pb_fullwidth_header][\/et_pb_section][et_pb_section fb_built=&#8221;1&#8243; _builder_version=&#8221;4.17.3&#8243; _module_preset=&#8221;default&#8221; use_background_color_gradient=&#8221;on&#8221; background_color_gradient_type=&#8221;circular&#8221; background_color_gradient_stops=&#8221;#ffffff 0%|#0c71c3 100%&#8221; background_image=&#8221;https:\/\/familiahomeschool.com\/wp-content\/uploads\/2022\/06\/hopscotch.jpg&#8221; global_colors_info=&#8221;{}&#8221;][et_pb_row column_structure=&#8221;3_5,2_5&#8243; _builder_version=&#8221;4.17.4&#8243; _module_preset=&#8221;default&#8221; background_color=&#8221;rgba(255,255,255,0.52)&#8221; width=&#8221;100%&#8221; module_alignment=&#8221;center&#8221; custom_margin=&#8221;10px|10px|10px|10px|false|false&#8221; custom_padding=&#8221;20px|20px|20px|20px|false|false&#8221; border_radii=&#8221;on|20px|20px|20px|20px&#8221; global_colors_info=&#8221;{}&#8221;][et_pb_column type=&#8221;3_5&#8243; _builder_version=&#8221;4.17.3&#8243; _module_preset=&#8221;default&#8221; hover_enabled=&#8221;0&#8243; global_colors_info=&#8221;{}&#8221; sticky_enabled=&#8221;0&#8243;][et_pb_text _builder_version=&#8221;4.20.4&#8243; _module_preset=&#8221;default&#8221; text_font=&#8221;|700|||||||&#8221; text_text_color=&#8221;#000000&#8243; text_font_size=&#8221;18px&#8221; hover_enabled=&#8221;0&#8243; global_colors_info=&#8221;{}&#8221; sticky_enabled=&#8221;0&#8243;]<\/p>\n<p>Taller online &#8220;Gesti\u00f3n del tiempo para mam\u00e1s&#8221; donde trataremos como administrar, planificar el tiempo.<\/p>\n<ul>\n<li>C\u00f3mo generar d\u00edas productivos<\/li>\n<li>Rutimas r\u00edtmicas<\/li>\n<li>Desarrollo de h\u00e1bitos de planificaci\u00f3n<\/li>\n<li>Se entregar\u00e1 material de trabajo<\/li>\n<\/ul>\n<h3><strong>Inversi\u00f3n: $35.00<\/strong><strong><\/strong><\/h3>\n<p><strong><\/strong><strong>Formas de pago:<br \/><\/strong>\u2022 PayPal \/ Con enlace a tarjeta de cr\u00e9dito: info@blessingloaf.com<\/p>\n<p>&nbsp;<\/p>\n<p>[\/et_pb_text][et_pb_code _builder_version=&#8221;4.18.0&#8243; _module_preset=&#8221;default&#8221; global_colors_info=&#8221;{}&#8221;]<\/p>\n<div id=\"smart-button-container\"><!-- [et_pb_line_break_holder] -->      <\/p>\n<div style=\"text-align: center;\"><!-- [et_pb_line_break_holder] -->        <\/p>\n<div id=\"paypal-button-container\"><\/div>\n<p><!-- [et_pb_line_break_holder] -->      <\/div>\n<p><!-- [et_pb_line_break_holder] -->    <\/div>\n<p><!-- [et_pb_line_break_holder] -->  <script src=\"https:\/\/www.paypal.com\/sdk\/js?client-id=AZA-tuFk4rTHkBnO9ven2dVm-qrLMupvdMAoFbNuI82jdLZqQUNexkT8L-htKKTZybpGI21zHKwR_J7w&#038;enable-funding=venmo&#038;currency=USD\" data-sdk-integration-source=\"button-factory\"><\/script><!-- [et_pb_line_break_holder] -->  <script><!-- [et_pb_line_break_holder] -->    function initPayPalButton() {<!-- [et_pb_line_break_holder] -->      paypal.Buttons({<!-- [et_pb_line_break_holder] -->        style: {<!-- [et_pb_line_break_holder] -->          shape: 'pill',<!-- [et_pb_line_break_holder] -->          color: 'silver',<!-- [et_pb_line_break_holder] -->          layout: 'horizontal',<!-- [et_pb_line_break_holder] -->          label: 'pay',<!-- [et_pb_line_break_holder] -->          <!-- [et_pb_line_break_holder] -->        },<!-- [et_pb_line_break_holder] --><!-- [et_pb_line_break_holder] -->        createOrder: function(data, actions) {<!-- [et_pb_line_break_holder] -->          return actions.order.create({<!-- [et_pb_line_break_holder] -->            purchase_units: [{\"description\":\"Taller de PLANIFICACI\u00d3N - Evita el caos en tu homeschool\",\"amount\":{\"currency_code\":\"USD\",\"value\":15}}]<!-- [et_pb_line_break_holder] -->          });<!-- [et_pb_line_break_holder] -->        },<!-- [et_pb_line_break_holder] --><!-- [et_pb_line_break_holder] -->        onApprove: function(data, actions) {<!-- [et_pb_line_break_holder] -->          return actions.order.capture().then(function(orderData) {<!-- [et_pb_line_break_holder] -->            <!-- [et_pb_line_break_holder] -->            \/\/ Full available details<!-- [et_pb_line_break_holder] -->            console.log('Capture result', orderData, JSON.stringify(orderData, null, 2));<!-- [et_pb_line_break_holder] --><!-- [et_pb_line_break_holder] -->            \/\/ Show a success message within this page, e.g.<!-- [et_pb_line_break_holder] -->            const element = document.getElementById('paypal-button-container');<!-- [et_pb_line_break_holder] -->            element.innerHTML = '';<!-- [et_pb_line_break_holder] -->            element.innerHTML = '<\/p>\n<h3>Thank you for your payment!<\/h3>\n<p>';<!-- [et_pb_line_break_holder] --><!-- [et_pb_line_break_holder] -->            \/\/ Or go to another URL:  actions.redirect('thank_you.html');<!-- [et_pb_line_break_holder] -->            <!-- [et_pb_line_break_holder] -->          });<!-- [et_pb_line_break_holder] -->        },<!-- [et_pb_line_break_holder] --><!-- [et_pb_line_break_holder] -->        onError: function(err) {<!-- [et_pb_line_break_holder] -->          console.log(err);<!-- [et_pb_line_break_holder] -->        }<!-- [et_pb_line_break_holder] -->      }).render('#paypal-button-container');<!-- [et_pb_line_break_holder] -->    }<!-- [et_pb_line_break_holder] -->    initPayPalButton();<!-- [et_pb_line_break_holder] -->  <\/script>[\/et_pb_code][et_pb_code _builder_version=&#8221;4.18.0&#8243; _module_preset=&#8221;default&#8221; global_colors_info=&#8221;{}&#8221;]<\/p>\n<div id=\"smart-button-container\"><!-- [et_pb_line_break_holder] -->      <\/p>\n<div style=\"text-align: center;\"><!-- [et_pb_line_break_holder] -->        <\/p>\n<div id=\"paypal-button-container\"><\/div>\n<p><!-- [et_pb_line_break_holder] -->      <\/div>\n<p><!-- [et_pb_line_break_holder] -->    <\/div>\n<p><!-- [et_pb_line_break_holder] -->  <script src=\"https:\/\/www.paypal.com\/sdk\/js?client-id=AZA-tuFk4rTHkBnO9ven2dVm-qrLMupvdMAoFbNuI82jdLZqQUNexkT8L-htKKTZybpGI21zHKwR_J7w&#038;enable-funding=venmo&#038;currency=USD\" data-sdk-integration-source=\"button-factory\"><\/script><!-- [et_pb_line_break_holder] -->  <script><!-- [et_pb_line_break_holder] -->    function initPayPalButton() {<!-- [et_pb_line_break_holder] -->      paypal.Buttons({<!-- [et_pb_line_break_holder] -->        style: {<!-- [et_pb_line_break_holder] -->          shape: 'pill',<!-- [et_pb_line_break_holder] -->          color: 'silver',<!-- [et_pb_line_break_holder] -->          layout: 'horizontal',<!-- [et_pb_line_break_holder] -->          label: 'pay',<!-- [et_pb_line_break_holder] -->          <!-- [et_pb_line_break_holder] -->        },<!-- [et_pb_line_break_holder] --><!-- [et_pb_line_break_holder] -->        createOrder: function(data, actions) {<!-- [et_pb_line_break_holder] -->          return actions.order.create({<!-- [et_pb_line_break_holder] -->            purchase_units: [{\"description\":\"Taller de PLANIFICACI\u00d3N - Evita el caos en tu homeschool\",\"amount\":{\"currency_code\":\"USD\",\"value\":15}}]<!-- [et_pb_line_break_holder] -->          });<!-- [et_pb_line_break_holder] -->        },<!-- [et_pb_line_break_holder] --><!-- [et_pb_line_break_holder] -->        onApprove: function(data, actions) {<!-- [et_pb_line_break_holder] -->          return actions.order.capture().then(function(orderData) {<!-- [et_pb_line_break_holder] -->            <!-- [et_pb_line_break_holder] -->            \/\/ Full available details<!-- [et_pb_line_break_holder] -->            console.log('Capture result', orderData, JSON.stringify(orderData, null, 2));<!-- [et_pb_line_break_holder] --><!-- [et_pb_line_break_holder] -->            \/\/ Show a success message within this page, e.g.<!-- [et_pb_line_break_holder] -->            const element = document.getElementById('paypal-button-container');<!-- [et_pb_line_break_holder] -->            element.innerHTML = '';<!-- [et_pb_line_break_holder] -->            element.innerHTML = '<\/p>\n<h3>Thank you for your payment!<\/h3>\n<p>';<!-- [et_pb_line_break_holder] --><!-- [et_pb_line_break_holder] -->            \/\/ Or go to another URL:  actions.redirect('thank_you.html');<!-- [et_pb_line_break_holder] -->            <!-- [et_pb_line_break_holder] -->          });<!-- [et_pb_line_break_holder] -->        },<!-- [et_pb_line_break_holder] --><!-- [et_pb_line_break_holder] -->        onError: function(err) {<!-- [et_pb_line_break_holder] -->          console.log(err);<!-- [et_pb_line_break_holder] -->        }<!-- [et_pb_line_break_holder] -->      }).render('#paypal-button-container');<!-- [et_pb_line_break_holder] -->    }<!-- [et_pb_line_break_holder] -->    initPayPalButton();<!-- [et_pb_line_break_holder] -->  <\/script>[\/et_pb_code][\/et_pb_column][et_pb_column type=&#8221;2_5&#8243; _builder_version=&#8221;4.17.3&#8243; _module_preset=&#8221;default&#8221; global_colors_info=&#8221;{}&#8221;][et_pb_code _builder_version=&#8221;4.20.4&#8243; _module_preset=&#8221;default&#8221; hover_enabled=&#8221;0&#8243; global_colors_info=&#8221;{}&#8221; sticky_enabled=&#8221;0&#8243;]<script type=\"text\/javascript\"><!-- [et_pb_line_break_holder] -->\tfunction importHotmart(){ <!-- [et_pb_line_break_holder] --> \t\tvar imported = document.createElement('script'); <!-- [et_pb_line_break_holder] --> \t\timported.src = 'https:\/\/static.hotmart.com\/checkout\/widget.min.js'; <!-- [et_pb_line_break_holder] --> \t\tdocument.head.appendChild(imported); <!-- [et_pb_line_break_holder] -->\t\tvar link = document.createElement('link'); <!-- [et_pb_line_break_holder] -->\t\tlink.rel = 'stylesheet'; <!-- [et_pb_line_break_holder] -->\t\tlink.type = 'text\/css'; <!-- [et_pb_line_break_holder] -->\t\tlink.href = 'https:\/\/static.hotmart.com\/css\/hotmart-fb.min.css'; <!-- [et_pb_line_break_holder] -->\t\tdocument.head.appendChild(link);\t} <!-- [et_pb_line_break_holder] --> \timportHotmart(); <!-- [et_pb_line_break_holder] --> <\/script> <!-- [et_pb_line_break_holder] --> <a onclick=\"return false;\" href=\"https:\/\/pay.hotmart.com\/G84170820L?checkoutMode=2\" class=\"hotmart-fb hotmart__button-checkout\"><img src='https:\/\/static.hotmart.com\/img\/btn-buy-green.png'><\/a> [\/et_pb_code][\/et_pb_column][\/et_pb_row][\/et_pb_section][et_pb_section fb_built=&#8221;1&#8243; _builder_version=&#8221;4.17.3&#8243; _module_preset=&#8221;default&#8221; global_colors_info=&#8221;{}&#8221;][et_pb_row _builder_version=&#8221;4.17.3&#8243; _module_preset=&#8221;default&#8221; global_colors_info=&#8221;{}&#8221;][et_pb_column type=&#8221;4_4&#8243; _builder_version=&#8221;4.17.3&#8243; _module_preset=&#8221;default&#8221; global_colors_info=&#8221;{}&#8221;][\/et_pb_column][\/et_pb_row][\/et_pb_section]<\/p>\n","protected":false},"excerpt":{"rendered":"<p>Taller online &#8220;Gesti\u00f3n del tiempo para mam\u00e1s&#8221; donde trataremos como administrar, planificar el tiempo. C\u00f3mo generar d\u00edas productivos Rutimas r\u00edtmicas Desarrollo de h\u00e1bitos de planificaci\u00f3n Se entregar\u00e1 material de trabajo Inversi\u00f3n: $35.00 Formas de pago:\u2022 PayPal \/ Con enlace a tarjeta de cr\u00e9dito: info@blessingloaf.com &nbsp;<\/p>\n","protected":false},"author":1,"featured_media":0,"parent":0,"menu_order":0,"comment_status":"closed","ping_status":"closed","template":"","meta":{"_et_pb_use_builder":"on","_et_pb_old_content":"","_et_gb_content_width":"","om_disable_all_campaigns":false,"_uag_custom_page_level_css":"","_monsterinsights_skip_tracking":false,"_monsterinsights_sitenote_active":false,"_monsterinsights_sitenote_note":"","_monsterinsights_sitenote_category":0,"footnotes":""},"class_list":["post-4570","page","type-page","status-publish","hentry"],"aioseo_notices":[],"uagb_featured_image_src":{"full":false,"thumbnail":false,"medium":false,"medium_large":false,"large":false,"1536x1536":false,"2048x2048":false,"et-pb-post-main-image":false,"et-pb-post-main-image-fullwidth":false,"et-pb-portfolio-image":false,"et-pb-portfolio-module-image":false,"et-pb-portfolio-image-single":false,"et-pb-gallery-module-image-portrait":false,"et-pb-post-main-image-fullwidth-large":false,"et-pb-image--responsive--desktop":false,"et-pb-image--responsive--tablet":false,"et-pb-image--responsive--phone":false,"woocommerce_thumbnail":false,"woocommerce_single":false,"woocommerce_gallery_thumbnail":false},"uagb_author_info":{"display_name":"info@familiahomeschool.com","author_link":"https:\/\/familiahomeschool.com\/index.php\/author\/infoblessingloaf-com\/"},"uagb_comment_info":0,"uagb_excerpt":"Taller online \"Gesti\u00f3n del tiempo para mam\u00e1s\" donde trataremos como administrar, planificar el tiempo. C\u00f3mo generar d\u00edas productivos Rutimas r\u00edtmicas Desarrollo de h\u00e1bitos de planificaci\u00f3n Se entregar\u00e1 material de trabajo Inversi\u00f3n: $35.00 Formas de pago:\u2022 PayPal \/ Con enlace a tarjeta de cr\u00e9dito: info@blessingloaf.com &nbsp;","jetpack_sharing_enabled":true,"_links":{"self":[{"href":"https:\/\/familiahomeschool.com\/index.php\/wp-json\/wp\/v2\/pages\/4570","targetHints":{"allow":["GET"]}}],"collection":[{"href":"https:\/\/familiahomeschool.com\/index.php\/wp-json\/wp\/v2\/pages"}],"about":[{"href":"https:\/\/familiahomeschool.com\/index.php\/wp-json\/wp\/v2\/types\/page"}],"author":[{"embeddable":true,"href":"https:\/\/familiahomeschool.com\/index.php\/wp-json\/wp\/v2\/users\/1"}],"replies":[{"embeddable":true,"href":"https:\/\/familiahomeschool.com\/index.php\/wp-json\/wp\/v2\/comments?post=4570"}],"version-history":[{"count":17,"href":"https:\/\/familiahomeschool.com\/index.php\/wp-json\/wp\/v2\/pages\/4570\/revisions"}],"predecessor-version":[{"id":4906,"href":"https:\/\/familiahomeschool.com\/index.php\/wp-json\/wp\/v2\/pages\/4570\/revisions\/4906"}],"wp:attachment":[{"href":"https:\/\/familiahomeschool.com\/index.php\/wp-json\/wp\/v2\/media?parent=4570"}],"curies":[{"name":"wp","href":"https:\/\/api.w.org\/{rel}","templated":true}]}}