{"id":4422,"date":"2022-07-26T03:09:03","date_gmt":"2022-07-26T03:09:03","guid":{"rendered":"https:\/\/familiahomeschool.com\/?post_type=product&#038;p=4422"},"modified":"2022-07-27T23:36:17","modified_gmt":"2022-07-27T23:36:17","slug":"cuenta-las-frutas-ingles","status":"publish","type":"product","link":"https:\/\/familiahomeschool.com\/index.php\/product\/cuenta-las-frutas-ingles\/","title":{"rendered":"Cuenta las frutas (ingl\u00e9s)"},"content":{"rendered":"<p>Hoja de trabajo (ingl\u00e9s) full color para l\u00f3gica matem\u00e1tica.<\/p>\n<ul>\n<li>Tama\u00f1o carta (A4)<\/li>\n<li>Full color<\/li>\n<li>Formato PDF<\/li>\n<li>Listo para imprimir<\/li>\n<\/ul>\n","protected":false},"excerpt":{"rendered":"<p>Hoja de trabajo (ingl\u00e9s) full color para l\u00f3gica matem\u00e1tica. Tama\u00f1o carta (A4) Full color Formato PDF Listo para imprimir<\/p>\n","protected":false},"featured_media":4386,"comment_status":"open","ping_status":"closed","template":"","meta":{"_et_pb_use_builder":"","_et_pb_old_content":"","_et_gb_content_width":"","om_disable_all_campaigns":false,"_uag_custom_page_level_css":"","_monsterinsights_skip_tracking":false,"_monsterinsights_sitenote_active":false,"_monsterinsights_sitenote_note":"","_monsterinsights_sitenote_category":0},"product_brand":[],"product_cat":[66,85],"product_tag":[58,60,34,59,57],"class_list":{"0":"post-4422","1":"product","2":"type-product","3":"status-publish","4":"has-post-thumbnail","6":"product_cat-digital","7":"product_cat-homeschool","8":"product_tag-cuentas-las-frutas","9":"product_tag-hoja-trabajo-escuela","10":"product_tag-homeschool","11":"product_tag-material-home-school","12":"product_tag-material-homeschool","14":"first","15":"instock","16":"downloadable","17":"virtual","18":"taxable","19":"purchasable","20":"product-type-simple"},"aioseo_notices":[],"uagb_featured_image_src":{"full":["https:\/\/familiahomeschool.com\/wp-content\/uploads\/2022\/07\/esferasFRUITS.png",506,506,false],"thumbnail":["https:\/\/familiahomeschool.com\/wp-content\/uploads\/2022\/07\/esferasFRUITS-150x150.png",150,150,true],"medium":["https:\/\/familiahomeschool.com\/wp-content\/uploads\/2022\/07\/esferasFRUITS-300x300.png",300,300,true],"medium_large":["https:\/\/familiahomeschool.com\/wp-content\/uploads\/2022\/07\/esferasFRUITS.png",506,506,false],"large":["https:\/\/familiahomeschool.com\/wp-content\/uploads\/2022\/07\/esferasFRUITS.png",506,506,false],"1536x1536":["https:\/\/familiahomeschool.com\/wp-content\/uploads\/2022\/07\/esferasFRUITS.png",506,506,false],"2048x2048":["https:\/\/familiahomeschool.com\/wp-content\/uploads\/2022\/07\/esferasFRUITS.png",506,506,false],"et-pb-post-main-image":["https:\/\/familiahomeschool.com\/wp-content\/uploads\/2022\/07\/esferasFRUITS-400x250.png",400,250,true],"et-pb-post-main-image-fullwidth":["https:\/\/familiahomeschool.com\/wp-content\/uploads\/2022\/07\/esferasFRUITS.png",506,506,false],"et-pb-portfolio-image":["https:\/\/familiahomeschool.com\/wp-content\/uploads\/2022\/07\/esferasFRUITS-400x284.png",400,284,true],"et-pb-portfolio-module-image":["https:\/\/familiahomeschool.com\/wp-content\/uploads\/2022\/07\/esferasFRUITS-506x382.png",506,382,true],"et-pb-portfolio-image-single":["https:\/\/familiahomeschool.com\/wp-content\/uploads\/2022\/07\/esferasFRUITS.png",506,506,false],"et-pb-gallery-module-image-portrait":["https:\/\/familiahomeschool.com\/wp-content\/uploads\/2022\/07\/esferasFRUITS-400x506.png",400,506,true],"et-pb-post-main-image-fullwidth-large":["https:\/\/familiahomeschool.com\/wp-content\/uploads\/2022\/07\/esferasFRUITS.png",506,506,false],"et-pb-image--responsive--desktop":["https:\/\/familiahomeschool.com\/wp-content\/uploads\/2022\/07\/esferasFRUITS.png",506,506,false],"et-pb-image--responsive--tablet":["https:\/\/familiahomeschool.com\/wp-content\/uploads\/2022\/07\/esferasFRUITS.png",506,506,false],"et-pb-image--responsive--phone":["https:\/\/familiahomeschool.com\/wp-content\/uploads\/2022\/07\/esferasFRUITS-480x480.png",270,270,true],"woocommerce_thumbnail":["https:\/\/familiahomeschool.com\/wp-content\/uploads\/2022\/07\/esferasFRUITS-300x300.png",300,300,true],"woocommerce_single":["https:\/\/familiahomeschool.com\/wp-content\/uploads\/2022\/07\/esferasFRUITS.png",506,506,false],"woocommerce_gallery_thumbnail":["https:\/\/familiahomeschool.com\/wp-content\/uploads\/2022\/07\/esferasFRUITS-100x100.png",100,100,true]},"uagb_author_info":{"display_name":"info@familiahomeschool.com","author_link":"https:\/\/familiahomeschool.com\/index.php\/author\/"},"uagb_comment_info":0,"uagb_excerpt":"Hoja de trabajo (ingl\u00e9s) full color para l\u00f3gica matem\u00e1tica. Tama\u00f1o carta (A4) Full color Formato PDF Listo para imprimir","jetpack_sharing_enabled":true,"_links":{"self":[{"href":"https:\/\/familiahomeschool.com\/index.php\/wp-json\/wp\/v2\/product\/4422","targetHints":{"allow":["GET"]}}],"collection":[{"href":"https:\/\/familiahomeschool.com\/index.php\/wp-json\/wp\/v2\/product"}],"about":[{"href":"https:\/\/familiahomeschool.com\/index.php\/wp-json\/wp\/v2\/types\/product"}],"replies":[{"embeddable":true,"href":"https:\/\/familiahomeschool.com\/index.php\/wp-json\/wp\/v2\/comments?post=4422"}],"wp:featuredmedia":[{"embeddable":true,"href":"https:\/\/familiahomeschool.com\/index.php\/wp-json\/wp\/v2\/media\/4386"}],"wp:attachment":[{"href":"https:\/\/familiahomeschool.com\/index.php\/wp-json\/wp\/v2\/media?parent=4422"}],"wp:term":[{"taxonomy":"product_brand","embeddable":true,"href":"https:\/\/familiahomeschool.com\/index.php\/wp-json\/wp\/v2\/product_brand?post=4422"},{"taxonomy":"product_cat","embeddable":true,"href":"https:\/\/familiahomeschool.com\/index.php\/wp-json\/wp\/v2\/product_cat?post=4422"},{"taxonomy":"product_tag","embeddable":true,"href":"https:\/\/familiahomeschool.com\/index.php\/wp-json\/wp\/v2\/product_tag?post=4422"}],"curies":[{"name":"wp","href":"https:\/\/api.w.org\/{rel}","templated":true}]}}