{"id":4591,"date":"2022-09-03T14:54:56","date_gmt":"2022-09-03T14:54:56","guid":{"rendered":"https:\/\/familiahomeschool.com\/?post_type=product&#038;p=4591"},"modified":"2023-01-07T03:10:44","modified_gmt":"2023-01-07T03:10:44","slug":"conociendo-al-padre","status":"publish","type":"product","link":"https:\/\/familiahomeschool.com\/index.php\/product\/conociendo-al-padre\/","title":{"rendered":"Conociendo al Padre"},"content":{"rendered":"<p>Libro infantil y familiar a trav\u00e9s del cual podemos aprender algunos atributos del car\u00e1cter del Padre Celestial y los nombres b\u00edblicos que lo representan. Descubramos c\u00f3mo a trav\u00e9s de sus nombes el Padre nos revela su car\u00e1cter y la manera en la que El se manifiesta a nosotros cada d\u00eda de nuestra vida seg\u00fan nuestra necesidad.<\/p>\n","protected":false},"excerpt":{"rendered":"<p>\u2022 Full color<br \/>\n\u2022 Ilustraciones<br \/>\n\u2022 44 p\u00e1ginas<br \/>\n\u2022 Tama\u00f1o 15\u00d715 cm<\/p>\n","protected":false},"featured_media":4592,"comment_status":"open","ping_status":"closed","template":"","meta":{"_et_pb_use_builder":"","_et_pb_old_content":"","_et_gb_content_width":"","om_disable_all_campaigns":false,"_uag_custom_page_level_css":"","_monsterinsights_skip_tracking":false,"_monsterinsights_sitenote_active":false,"_monsterinsights_sitenote_note":"","_monsterinsights_sitenote_category":0},"product_brand":[],"product_cat":[77],"product_tag":[109,110,107,105,104,106,111,108],"class_list":{"0":"post-4591","1":"product","2":"type-product","3":"status-publish","4":"has-post-thumbnail","6":"product_cat-libros","7":"product_tag-conociendo-a-dios","8":"product_tag-conociendo-al-padre","9":"product_tag-dios-y-sus-nombres","10":"product_tag-libro-para-aprender-los-nombres-de-dios","11":"product_tag-libro-para-leer-en-familia","12":"product_tag-los-nombres-de-dios","13":"product_tag-los-nombres-del-padre","14":"product_tag-nombres-de-dios","16":"first","17":"instock","18":"taxable","19":"shipping-taxable","20":"purchasable","21":"product-type-simple"},"aioseo_notices":[],"uagb_featured_image_src":{"full":["https:\/\/familiahomeschool.com\/wp-content\/uploads\/2022\/09\/CONOCIENDO-1a.jpg",1200,1200,false],"thumbnail":["https:\/\/familiahomeschool.com\/wp-content\/uploads\/2022\/09\/CONOCIENDO-1a-150x150.jpg",150,150,true],"medium":["https:\/\/familiahomeschool.com\/wp-content\/uploads\/2022\/09\/CONOCIENDO-1a-300x300.jpg",300,300,true],"medium_large":["https:\/\/familiahomeschool.com\/wp-content\/uploads\/2022\/09\/CONOCIENDO-1a-768x768.jpg",768,768,true],"large":["https:\/\/familiahomeschool.com\/wp-content\/uploads\/2022\/09\/CONOCIENDO-1a-1024x1024.jpg",1024,1024,true],"1536x1536":["https:\/\/familiahomeschool.com\/wp-content\/uploads\/2022\/09\/CONOCIENDO-1a.jpg",1200,1200,false],"2048x2048":["https:\/\/familiahomeschool.com\/wp-content\/uploads\/2022\/09\/CONOCIENDO-1a.jpg",1200,1200,false],"et-pb-post-main-image":["https:\/\/familiahomeschool.com\/wp-content\/uploads\/2022\/09\/CONOCIENDO-1a-400x250.jpg",400,250,true],"et-pb-post-main-image-fullwidth":["https:\/\/familiahomeschool.com\/wp-content\/uploads\/2022\/09\/CONOCIENDO-1a-1080x675.jpg",1080,675,true],"et-pb-portfolio-image":["https:\/\/familiahomeschool.com\/wp-content\/uploads\/2022\/09\/CONOCIENDO-1a-400x284.jpg",400,284,true],"et-pb-portfolio-module-image":["https:\/\/familiahomeschool.com\/wp-content\/uploads\/2022\/09\/CONOCIENDO-1a-510x382.jpg",510,382,true],"et-pb-portfolio-image-single":["https:\/\/familiahomeschool.com\/wp-content\/uploads\/2022\/09\/CONOCIENDO-1a-1080x1080.jpg",1080,1080,true],"et-pb-gallery-module-image-portrait":["https:\/\/familiahomeschool.com\/wp-content\/uploads\/2022\/09\/CONOCIENDO-1a-400x516.jpg",400,516,true],"et-pb-post-main-image-fullwidth-large":["https:\/\/familiahomeschool.com\/wp-content\/uploads\/2022\/09\/CONOCIENDO-1a.jpg",1200,1200,false],"et-pb-image--responsive--desktop":["https:\/\/familiahomeschool.com\/wp-content\/uploads\/2022\/09\/CONOCIENDO-1a.jpg",720,720,false],"et-pb-image--responsive--tablet":["https:\/\/familiahomeschool.com\/wp-content\/uploads\/2022\/09\/CONOCIENDO-1a-980x980.jpg",551,551,true],"et-pb-image--responsive--phone":["https:\/\/familiahomeschool.com\/wp-content\/uploads\/2022\/09\/CONOCIENDO-1a-480x480.jpg",270,270,true],"woocommerce_thumbnail":["https:\/\/familiahomeschool.com\/wp-content\/uploads\/2022\/09\/CONOCIENDO-1a-300x300.jpg",300,300,true],"woocommerce_single":["https:\/\/familiahomeschool.com\/wp-content\/uploads\/2022\/09\/CONOCIENDO-1a-600x600.jpg",600,600,true],"woocommerce_gallery_thumbnail":["https:\/\/familiahomeschool.com\/wp-content\/uploads\/2022\/09\/CONOCIENDO-1a-100x100.jpg",100,100,true]},"uagb_author_info":{"display_name":"info@familiahomeschool.com","author_link":"https:\/\/familiahomeschool.com\/index.php\/author\/"},"uagb_comment_info":0,"uagb_excerpt":"\u2022 Full color \u2022 Ilustraciones \u2022 44 p\u00e1ginas \u2022 Tama\u00f1o 15\u00d715 cm","jetpack_sharing_enabled":true,"_links":{"self":[{"href":"https:\/\/familiahomeschool.com\/index.php\/wp-json\/wp\/v2\/product\/4591","targetHints":{"allow":["GET"]}}],"collection":[{"href":"https:\/\/familiahomeschool.com\/index.php\/wp-json\/wp\/v2\/product"}],"about":[{"href":"https:\/\/familiahomeschool.com\/index.php\/wp-json\/wp\/v2\/types\/product"}],"replies":[{"embeddable":true,"href":"https:\/\/familiahomeschool.com\/index.php\/wp-json\/wp\/v2\/comments?post=4591"}],"wp:featuredmedia":[{"embeddable":true,"href":"https:\/\/familiahomeschool.com\/index.php\/wp-json\/wp\/v2\/media\/4592"}],"wp:attachment":[{"href":"https:\/\/familiahomeschool.com\/index.php\/wp-json\/wp\/v2\/media?parent=4591"}],"wp:term":[{"taxonomy":"product_brand","embeddable":true,"href":"https:\/\/familiahomeschool.com\/index.php\/wp-json\/wp\/v2\/product_brand?post=4591"},{"taxonomy":"product_cat","embeddable":true,"href":"https:\/\/familiahomeschool.com\/index.php\/wp-json\/wp\/v2\/product_cat?post=4591"},{"taxonomy":"product_tag","embeddable":true,"href":"https:\/\/familiahomeschool.com\/index.php\/wp-json\/wp\/v2\/product_tag?post=4591"}],"curies":[{"name":"wp","href":"https:\/\/api.w.org\/{rel}","templated":true}]}}