{"id":4597,"date":"2022-09-03T16:02:59","date_gmt":"2022-09-03T16:02:59","guid":{"rendered":"https:\/\/familiahomeschool.com\/?post_type=product&#038;p=4597"},"modified":"2022-09-03T23:44:51","modified_gmt":"2022-09-03T23:44:51","slug":"el-valle-de-los-espejos-esp","status":"publish","type":"product","link":"https:\/\/familiahomeschool.com\/index.php\/product\/el-valle-de-los-espejos-esp\/","title":{"rendered":"El Valle de los espejos (espa\u00f1ol)"},"content":{"rendered":"<p>Libro infantil que por medio de la historia de la ratona Anal\u00eds podemos ense\u00f1ar a nuestros ni\u00f1os sobre autovaloraci\u00f3n, con una sencilla historia aprenderemos a vernos de la manera correcta.<\/p>\n","protected":false},"excerpt":{"rendered":"<p>Libro infantil que cuenta la historia de la peque\u00f1a ratona Anal\u00eds que vive en el valle de los espejos y su aventura al perder su espejo personal y verse ante el reflejo de los dem\u00e1s. Una historia para nuestra autovaloraci\u00f3n.<\/p>\n<p>\u2022 24 p\u00e1ginas<br \/>\n\u2022 Tama\u00f1o 15\u00d715 cm<br \/>\n\u2022 Full color<br \/>\n\u2022 Ilustrado<\/p>\n","protected":false},"featured_media":4598,"comment_status":"open","ping_status":"closed","template":"","meta":{"_et_pb_use_builder":"","_et_pb_old_content":"","_et_gb_content_width":"","om_disable_all_campaigns":false,"_uag_custom_page_level_css":"","_monsterinsights_skip_tracking":false,"_monsterinsights_sitenote_active":false,"_monsterinsights_sitenote_note":"","_monsterinsights_sitenote_category":0},"product_brand":[],"product_cat":[77],"product_tag":[116,117,115,118,114,112,113],"class_list":{"0":"post-4597","1":"product","2":"type-product","3":"status-publish","4":"has-post-thumbnail","6":"product_cat-libros","7":"product_tag-auto-valoracion","8":"product_tag-auto-valoracion-infantil","9":"product_tag-autoestima-infantil","10":"product_tag-cuento-infantil-para-autovaloracion","11":"product_tag-cuento-para-autoestima-infantil","12":"product_tag-el-valle-de-los-espejos","13":"product_tag-la-pequena-ratona","15":"first","16":"instock","17":"taxable","18":"shipping-taxable","19":"purchasable","20":"product-type-simple"},"aioseo_notices":[],"uagb_featured_image_src":{"full":["https:\/\/familiahomeschool.com\/wp-content\/uploads\/2022\/09\/EL-VALLE-1.jpg",1200,1200,false],"thumbnail":["https:\/\/familiahomeschool.com\/wp-content\/uploads\/2022\/09\/EL-VALLE-1-150x150.jpg",150,150,true],"medium":["https:\/\/familiahomeschool.com\/wp-content\/uploads\/2022\/09\/EL-VALLE-1-300x300.jpg",300,300,true],"medium_large":["https:\/\/familiahomeschool.com\/wp-content\/uploads\/2022\/09\/EL-VALLE-1-768x768.jpg",768,768,true],"large":["https:\/\/familiahomeschool.com\/wp-content\/uploads\/2022\/09\/EL-VALLE-1-1024x1024.jpg",1024,1024,true],"1536x1536":["https:\/\/familiahomeschool.com\/wp-content\/uploads\/2022\/09\/EL-VALLE-1.jpg",1200,1200,false],"2048x2048":["https:\/\/familiahomeschool.com\/wp-content\/uploads\/2022\/09\/EL-VALLE-1.jpg",1200,1200,false],"et-pb-post-main-image":["https:\/\/familiahomeschool.com\/wp-content\/uploads\/2022\/09\/EL-VALLE-1-400x250.jpg",400,250,true],"et-pb-post-main-image-fullwidth":["https:\/\/familiahomeschool.com\/wp-content\/uploads\/2022\/09\/EL-VALLE-1-1080x675.jpg",1080,675,true],"et-pb-portfolio-image":["https:\/\/familiahomeschool.com\/wp-content\/uploads\/2022\/09\/EL-VALLE-1-400x284.jpg",400,284,true],"et-pb-portfolio-module-image":["https:\/\/familiahomeschool.com\/wp-content\/uploads\/2022\/09\/EL-VALLE-1-510x382.jpg",510,382,true],"et-pb-portfolio-image-single":["https:\/\/familiahomeschool.com\/wp-content\/uploads\/2022\/09\/EL-VALLE-1-1080x1080.jpg",1080,1080,true],"et-pb-gallery-module-image-portrait":["https:\/\/familiahomeschool.com\/wp-content\/uploads\/2022\/09\/EL-VALLE-1-400x516.jpg",400,516,true],"et-pb-post-main-image-fullwidth-large":["https:\/\/familiahomeschool.com\/wp-content\/uploads\/2022\/09\/EL-VALLE-1.jpg",1200,1200,false],"et-pb-image--responsive--desktop":["https:\/\/familiahomeschool.com\/wp-content\/uploads\/2022\/09\/EL-VALLE-1.jpg",720,720,false],"et-pb-image--responsive--tablet":["https:\/\/familiahomeschool.com\/wp-content\/uploads\/2022\/09\/EL-VALLE-1-980x980.jpg",551,551,true],"et-pb-image--responsive--phone":["https:\/\/familiahomeschool.com\/wp-content\/uploads\/2022\/09\/EL-VALLE-1-480x480.jpg",270,270,true],"woocommerce_thumbnail":["https:\/\/familiahomeschool.com\/wp-content\/uploads\/2022\/09\/EL-VALLE-1-300x300.jpg",300,300,true],"woocommerce_single":["https:\/\/familiahomeschool.com\/wp-content\/uploads\/2022\/09\/EL-VALLE-1-600x600.jpg",600,600,true],"woocommerce_gallery_thumbnail":["https:\/\/familiahomeschool.com\/wp-content\/uploads\/2022\/09\/EL-VALLE-1-100x100.jpg",100,100,true]},"uagb_author_info":{"display_name":"info@familiahomeschool.com","author_link":"https:\/\/familiahomeschool.com\/index.php\/author\/"},"uagb_comment_info":0,"uagb_excerpt":"Libro infantil que cuenta la historia de la peque\u00f1a ratona Anal\u00eds que vive en el valle de los espejos y su aventura al perder su espejo personal y verse ante el reflejo de los dem\u00e1s. Una historia para nuestra autovaloraci\u00f3n. \u2022 24 p\u00e1ginas \u2022 Tama\u00f1o 15\u00d715 cm \u2022 Full color \u2022 Ilustrado","jetpack_sharing_enabled":true,"_links":{"self":[{"href":"https:\/\/familiahomeschool.com\/index.php\/wp-json\/wp\/v2\/product\/4597","targetHints":{"allow":["GET"]}}],"collection":[{"href":"https:\/\/familiahomeschool.com\/index.php\/wp-json\/wp\/v2\/product"}],"about":[{"href":"https:\/\/familiahomeschool.com\/index.php\/wp-json\/wp\/v2\/types\/product"}],"replies":[{"embeddable":true,"href":"https:\/\/familiahomeschool.com\/index.php\/wp-json\/wp\/v2\/comments?post=4597"}],"wp:featuredmedia":[{"embeddable":true,"href":"https:\/\/familiahomeschool.com\/index.php\/wp-json\/wp\/v2\/media\/4598"}],"wp:attachment":[{"href":"https:\/\/familiahomeschool.com\/index.php\/wp-json\/wp\/v2\/media?parent=4597"}],"wp:term":[{"taxonomy":"product_brand","embeddable":true,"href":"https:\/\/familiahomeschool.com\/index.php\/wp-json\/wp\/v2\/product_brand?post=4597"},{"taxonomy":"product_cat","embeddable":true,"href":"https:\/\/familiahomeschool.com\/index.php\/wp-json\/wp\/v2\/product_cat?post=4597"},{"taxonomy":"product_tag","embeddable":true,"href":"https:\/\/familiahomeschool.com\/index.php\/wp-json\/wp\/v2\/product_tag?post=4597"}],"curies":[{"name":"wp","href":"https:\/\/api.w.org\/{rel}","templated":true}]}}