{"id":4610,"date":"2022-09-06T10:44:31","date_gmt":"2022-09-06T10:44:31","guid":{"rendered":"https:\/\/familiahomeschool.com\/?post_type=product&#038;p=4610"},"modified":"2022-09-27T02:53:39","modified_gmt":"2022-09-27T02:53:39","slug":"orden-de-los-numeros-ingles","status":"publish","type":"product","link":"https:\/\/familiahomeschool.com\/index.php\/product\/orden-de-los-numeros-ingles\/","title":{"rendered":"Orden de los n\u00fameros (ingl\u00e9s)"},"content":{"rendered":"<p>Practicando en ingl\u00e9s el orden de los n\u00fameros en su escala.<\/p>\n<ul>\n<li>Hoja de trabajo para imprimir<\/li>\n<li>Formato PDF<\/li>\n<li>Full color<\/li>\n<li>Material v\u00e1lido para portafolio homeschool<\/li>\n<li>Ejercicio ingl\u00e9s<\/li>\n<li>Ejercicio antes y despu\u00e9s, orden de los n\u00fameros.<\/li>\n<\/ul>\n","protected":false},"excerpt":{"rendered":"<p>Hoja de trabajo full color en ingl\u00e9s para aprender el orden de los n\u00fameros. Material que sirve para armar tu portafolio homeschool. Lista para imprimir en formato PDF.<\/p>\n","protected":false},"featured_media":4612,"comment_status":"open","ping_status":"closed","template":"","meta":{"_et_pb_use_builder":"","_et_pb_old_content":"","_et_gb_content_width":"","om_disable_all_campaigns":false,"_uag_custom_page_level_css":"","_monsterinsights_skip_tracking":false,"_monsterinsights_sitenote_active":false,"_monsterinsights_sitenote_note":"","_monsterinsights_sitenote_category":0},"product_brand":[],"product_cat":[66,85],"product_tag":[120,100,69,119],"class_list":{"0":"post-4610","1":"product","2":"type-product","3":"status-publish","4":"has-post-thumbnail","6":"product_cat-digital","7":"product_cat-homeschool","8":"product_tag-antes-y-despues-matematica-homeschool","9":"product_tag-aprendiendo-ingles","10":"product_tag-matematica-homeschool","11":"product_tag-numeros","13":"first","14":"instock","15":"downloadable","16":"virtual","17":"taxable","18":"purchasable","19":"product-type-simple"},"aioseo_notices":[],"uagb_featured_image_src":{"full":["https:\/\/familiahomeschool.com\/wp-content\/uploads\/2022\/09\/esferaNUMEROS.png",506,506,false],"thumbnail":["https:\/\/familiahomeschool.com\/wp-content\/uploads\/2022\/09\/esferaNUMEROS-150x150.png",150,150,true],"medium":["https:\/\/familiahomeschool.com\/wp-content\/uploads\/2022\/09\/esferaNUMEROS-300x300.png",300,300,true],"medium_large":["https:\/\/familiahomeschool.com\/wp-content\/uploads\/2022\/09\/esferaNUMEROS.png",506,506,false],"large":["https:\/\/familiahomeschool.com\/wp-content\/uploads\/2022\/09\/esferaNUMEROS.png",506,506,false],"1536x1536":["https:\/\/familiahomeschool.com\/wp-content\/uploads\/2022\/09\/esferaNUMEROS.png",506,506,false],"2048x2048":["https:\/\/familiahomeschool.com\/wp-content\/uploads\/2022\/09\/esferaNUMEROS.png",506,506,false],"et-pb-post-main-image":["https:\/\/familiahomeschool.com\/wp-content\/uploads\/2022\/09\/esferaNUMEROS-400x250.png",400,250,true],"et-pb-post-main-image-fullwidth":["https:\/\/familiahomeschool.com\/wp-content\/uploads\/2022\/09\/esferaNUMEROS.png",506,506,false],"et-pb-portfolio-image":["https:\/\/familiahomeschool.com\/wp-content\/uploads\/2022\/09\/esferaNUMEROS-400x284.png",400,284,true],"et-pb-portfolio-module-image":["https:\/\/familiahomeschool.com\/wp-content\/uploads\/2022\/09\/esferaNUMEROS-506x382.png",506,382,true],"et-pb-portfolio-image-single":["https:\/\/familiahomeschool.com\/wp-content\/uploads\/2022\/09\/esferaNUMEROS.png",506,506,false],"et-pb-gallery-module-image-portrait":["https:\/\/familiahomeschool.com\/wp-content\/uploads\/2022\/09\/esferaNUMEROS-400x506.png",400,506,true],"et-pb-post-main-image-fullwidth-large":["https:\/\/familiahomeschool.com\/wp-content\/uploads\/2022\/09\/esferaNUMEROS.png",506,506,false],"et-pb-image--responsive--desktop":["https:\/\/familiahomeschool.com\/wp-content\/uploads\/2022\/09\/esferaNUMEROS.png",506,506,false],"et-pb-image--responsive--tablet":["https:\/\/familiahomeschool.com\/wp-content\/uploads\/2022\/09\/esferaNUMEROS.png",506,506,false],"et-pb-image--responsive--phone":["https:\/\/familiahomeschool.com\/wp-content\/uploads\/2022\/09\/esferaNUMEROS-480x480.png",270,270,true],"woocommerce_thumbnail":["https:\/\/familiahomeschool.com\/wp-content\/uploads\/2022\/09\/esferaNUMEROS-300x300.png",300,300,true],"woocommerce_single":["https:\/\/familiahomeschool.com\/wp-content\/uploads\/2022\/09\/esferaNUMEROS.png",506,506,false],"woocommerce_gallery_thumbnail":["https:\/\/familiahomeschool.com\/wp-content\/uploads\/2022\/09\/esferaNUMEROS-100x100.png",100,100,true]},"uagb_author_info":{"display_name":"info@familiahomeschool.com","author_link":"https:\/\/familiahomeschool.com\/index.php\/author\/"},"uagb_comment_info":0,"uagb_excerpt":"Hoja de trabajo full color en ingl\u00e9s para aprender el orden de los n\u00fameros. Material que sirve para armar tu portafolio homeschool. Lista para imprimir en formato PDF.","jetpack_sharing_enabled":true,"_links":{"self":[{"href":"https:\/\/familiahomeschool.com\/index.php\/wp-json\/wp\/v2\/product\/4610","targetHints":{"allow":["GET"]}}],"collection":[{"href":"https:\/\/familiahomeschool.com\/index.php\/wp-json\/wp\/v2\/product"}],"about":[{"href":"https:\/\/familiahomeschool.com\/index.php\/wp-json\/wp\/v2\/types\/product"}],"replies":[{"embeddable":true,"href":"https:\/\/familiahomeschool.com\/index.php\/wp-json\/wp\/v2\/comments?post=4610"}],"wp:featuredmedia":[{"embeddable":true,"href":"https:\/\/familiahomeschool.com\/index.php\/wp-json\/wp\/v2\/media\/4612"}],"wp:attachment":[{"href":"https:\/\/familiahomeschool.com\/index.php\/wp-json\/wp\/v2\/media?parent=4610"}],"wp:term":[{"taxonomy":"product_brand","embeddable":true,"href":"https:\/\/familiahomeschool.com\/index.php\/wp-json\/wp\/v2\/product_brand?post=4610"},{"taxonomy":"product_cat","embeddable":true,"href":"https:\/\/familiahomeschool.com\/index.php\/wp-json\/wp\/v2\/product_cat?post=4610"},{"taxonomy":"product_tag","embeddable":true,"href":"https:\/\/familiahomeschool.com\/index.php\/wp-json\/wp\/v2\/product_tag?post=4610"}],"curies":[{"name":"wp","href":"https:\/\/api.w.org\/{rel}","templated":true}]}}