{"id":4740,"date":"2022-11-16T03:45:44","date_gmt":"2022-11-16T03:45:44","guid":{"rendered":"https:\/\/familiahomeschool.com\/?post_type=product&#038;p=4740"},"modified":"2022-12-08T04:46:11","modified_gmt":"2022-12-08T04:46:11","slug":"partes-del-cuerpo-espanol-ingles","status":"publish","type":"product","link":"https:\/\/familiahomeschool.com\/index.php\/product\/partes-del-cuerpo-espanol-ingles\/","title":{"rendered":"Partes del cuerpo (espa\u00f1ol &#8211; ingl\u00e9s)"},"content":{"rendered":"<p>L\u00e1minas de trabajo imprimibles para aprender las partes de cuerpo en ingl\u00e9s y espa\u00f1ol.<\/p>\n<p>\u2022 Formato PDF<br \/>\n\u2022 Listo para imprimir<br \/>\n\u2022 Material para homeschool<br \/>\n\u2022 Sirve para portafolio escolar<\/p>\n","protected":false},"excerpt":{"rendered":"<p>L\u00e1minas de trabajo imprimibles para aprender las partes de cuerpo en ingl\u00e9s y espa\u00f1ol. \u2022 Formato PDF \u2022 Listo para imprimir \u2022 Material para homeschool \u2022 Sirve para portafolio escolar<\/p>\n","protected":false},"featured_media":4741,"comment_status":"open","ping_status":"closed","template":"","meta":{"_et_pb_use_builder":"","_et_pb_old_content":"","_et_gb_content_width":"","om_disable_all_campaigns":false,"_uag_custom_page_level_css":"","_monsterinsights_skip_tracking":false,"_monsterinsights_sitenote_active":false,"_monsterinsights_sitenote_note":"","_monsterinsights_sitenote_category":0},"product_brand":[],"product_cat":[66,52],"product_tag":[],"class_list":{"0":"post-4740","1":"product","2":"type-product","3":"status-publish","4":"has-post-thumbnail","6":"product_cat-digital","7":"product_cat-material","9":"first","10":"instock","11":"downloadable","12":"taxable","13":"shipping-taxable","14":"purchasable","15":"product-type-simple"},"aioseo_notices":[],"uagb_featured_image_src":{"full":["https:\/\/familiahomeschool.com\/wp-content\/uploads\/2022\/11\/esferaPARTES-CUERPO-1.png",506,506,false],"thumbnail":["https:\/\/familiahomeschool.com\/wp-content\/uploads\/2022\/11\/esferaPARTES-CUERPO-1-150x150.png",150,150,true],"medium":["https:\/\/familiahomeschool.com\/wp-content\/uploads\/2022\/11\/esferaPARTES-CUERPO-1-300x300.png",300,300,true],"medium_large":["https:\/\/familiahomeschool.com\/wp-content\/uploads\/2022\/11\/esferaPARTES-CUERPO-1.png",506,506,false],"large":["https:\/\/familiahomeschool.com\/wp-content\/uploads\/2022\/11\/esferaPARTES-CUERPO-1.png",506,506,false],"1536x1536":["https:\/\/familiahomeschool.com\/wp-content\/uploads\/2022\/11\/esferaPARTES-CUERPO-1.png",506,506,false],"2048x2048":["https:\/\/familiahomeschool.com\/wp-content\/uploads\/2022\/11\/esferaPARTES-CUERPO-1.png",506,506,false],"et-pb-post-main-image":["https:\/\/familiahomeschool.com\/wp-content\/uploads\/2022\/11\/esferaPARTES-CUERPO-1-400x250.png",400,250,true],"et-pb-post-main-image-fullwidth":["https:\/\/familiahomeschool.com\/wp-content\/uploads\/2022\/11\/esferaPARTES-CUERPO-1.png",506,506,false],"et-pb-portfolio-image":["https:\/\/familiahomeschool.com\/wp-content\/uploads\/2022\/11\/esferaPARTES-CUERPO-1-400x284.png",400,284,true],"et-pb-portfolio-module-image":["https:\/\/familiahomeschool.com\/wp-content\/uploads\/2022\/11\/esferaPARTES-CUERPO-1-506x382.png",506,382,true],"et-pb-portfolio-image-single":["https:\/\/familiahomeschool.com\/wp-content\/uploads\/2022\/11\/esferaPARTES-CUERPO-1.png",506,506,false],"et-pb-gallery-module-image-portrait":["https:\/\/familiahomeschool.com\/wp-content\/uploads\/2022\/11\/esferaPARTES-CUERPO-1-400x506.png",400,506,true],"et-pb-post-main-image-fullwidth-large":["https:\/\/familiahomeschool.com\/wp-content\/uploads\/2022\/11\/esferaPARTES-CUERPO-1.png",506,506,false],"et-pb-image--responsive--desktop":["https:\/\/familiahomeschool.com\/wp-content\/uploads\/2022\/11\/esferaPARTES-CUERPO-1.png",506,506,false],"et-pb-image--responsive--tablet":["https:\/\/familiahomeschool.com\/wp-content\/uploads\/2022\/11\/esferaPARTES-CUERPO-1.png",506,506,false],"et-pb-image--responsive--phone":["https:\/\/familiahomeschool.com\/wp-content\/uploads\/2022\/11\/esferaPARTES-CUERPO-1-480x480.png",270,270,true],"woocommerce_thumbnail":["https:\/\/familiahomeschool.com\/wp-content\/uploads\/2022\/11\/esferaPARTES-CUERPO-1-300x300.png",300,300,true],"woocommerce_single":["https:\/\/familiahomeschool.com\/wp-content\/uploads\/2022\/11\/esferaPARTES-CUERPO-1.png",506,506,false],"woocommerce_gallery_thumbnail":["https:\/\/familiahomeschool.com\/wp-content\/uploads\/2022\/11\/esferaPARTES-CUERPO-1-100x100.png",100,100,true]},"uagb_author_info":{"display_name":"info@familiahomeschool.com","author_link":"https:\/\/familiahomeschool.com\/index.php\/author\/"},"uagb_comment_info":0,"uagb_excerpt":"L\u00e1minas de trabajo imprimibles para aprender las partes de cuerpo en ingl\u00e9s y espa\u00f1ol. \u2022 Formato PDF \u2022 Listo para imprimir \u2022 Material para homeschool \u2022 Sirve para portafolio escolar","jetpack_sharing_enabled":true,"_links":{"self":[{"href":"https:\/\/familiahomeschool.com\/index.php\/wp-json\/wp\/v2\/product\/4740","targetHints":{"allow":["GET"]}}],"collection":[{"href":"https:\/\/familiahomeschool.com\/index.php\/wp-json\/wp\/v2\/product"}],"about":[{"href":"https:\/\/familiahomeschool.com\/index.php\/wp-json\/wp\/v2\/types\/product"}],"replies":[{"embeddable":true,"href":"https:\/\/familiahomeschool.com\/index.php\/wp-json\/wp\/v2\/comments?post=4740"}],"wp:featuredmedia":[{"embeddable":true,"href":"https:\/\/familiahomeschool.com\/index.php\/wp-json\/wp\/v2\/media\/4741"}],"wp:attachment":[{"href":"https:\/\/familiahomeschool.com\/index.php\/wp-json\/wp\/v2\/media?parent=4740"}],"wp:term":[{"taxonomy":"product_brand","embeddable":true,"href":"https:\/\/familiahomeschool.com\/index.php\/wp-json\/wp\/v2\/product_brand?post=4740"},{"taxonomy":"product_cat","embeddable":true,"href":"https:\/\/familiahomeschool.com\/index.php\/wp-json\/wp\/v2\/product_cat?post=4740"},{"taxonomy":"product_tag","embeddable":true,"href":"https:\/\/familiahomeschool.com\/index.php\/wp-json\/wp\/v2\/product_tag?post=4740"}],"curies":[{"name":"wp","href":"https:\/\/api.w.org\/{rel}","templated":true}]}}