{"id":4781,"date":"2022-12-08T04:48:06","date_gmt":"2022-12-08T04:48:06","guid":{"rendered":"https:\/\/familiahomeschool.com\/?post_type=product&#038;p=4781"},"modified":"2024-10-17T10:19:50","modified_gmt":"2024-10-17T10:19:50","slug":"aprendiendo-sobre-los-estados-de-animo","status":"publish","type":"product","link":"https:\/\/familiahomeschool.com\/index.php\/product\/aprendiendo-sobre-los-estados-de-animo\/","title":{"rendered":"Aprendiendo sobre los estados de \u00e1nimo"},"content":{"rendered":"<p>L\u00e1mina de trabajo para aprender, analizar y evaluar los estados de \u00e1nimo.<\/p>\n<p>\u2022 Formato PDF<br \/>\n\u2022 Listo para imprimir<br \/>\n\u2022 Material para homeschool<br \/>\n\u2022 Sirve para portafolio escolar<\/p>\n","protected":false},"excerpt":{"rendered":"<p>L\u00e1mina de trabajo para aprender, analizar y evaluar los estados de \u00e1nimo. \u2022 Formato PDF \u2022 Listo para imprimir \u2022 Material para homeschool \u2022 Sirve para portafolio escolar<\/p>\n","protected":false},"featured_media":4782,"comment_status":"open","ping_status":"closed","template":"","meta":{"_et_pb_use_builder":"","_et_pb_old_content":"","_et_gb_content_width":"","om_disable_all_campaigns":false,"_uag_custom_page_level_css":"","_monsterinsights_skip_tracking":false,"_monsterinsights_sitenote_active":false,"_monsterinsights_sitenote_note":"","_monsterinsights_sitenote_category":0},"product_brand":[],"product_cat":[66,52],"product_tag":[],"class_list":{"0":"post-4781","1":"product","2":"type-product","3":"status-publish","4":"has-post-thumbnail","6":"product_cat-digital","7":"product_cat-material","9":"first","10":"instock","11":"downloadable","12":"virtual","13":"taxable","14":"purchasable","15":"product-type-simple"},"aioseo_notices":[],"uagb_featured_image_src":{"full":["https:\/\/familiahomeschool.com\/wp-content\/uploads\/2022\/12\/esferasANIMOS.png",506,506,false],"thumbnail":["https:\/\/familiahomeschool.com\/wp-content\/uploads\/2022\/12\/esferasANIMOS-150x150.png",150,150,true],"medium":["https:\/\/familiahomeschool.com\/wp-content\/uploads\/2022\/12\/esferasANIMOS-300x300.png",300,300,true],"medium_large":["https:\/\/familiahomeschool.com\/wp-content\/uploads\/2022\/12\/esferasANIMOS.png",506,506,false],"large":["https:\/\/familiahomeschool.com\/wp-content\/uploads\/2022\/12\/esferasANIMOS.png",506,506,false],"1536x1536":["https:\/\/familiahomeschool.com\/wp-content\/uploads\/2022\/12\/esferasANIMOS.png",506,506,false],"2048x2048":["https:\/\/familiahomeschool.com\/wp-content\/uploads\/2022\/12\/esferasANIMOS.png",506,506,false],"et-pb-post-main-image":["https:\/\/familiahomeschool.com\/wp-content\/uploads\/2022\/12\/esferasANIMOS-400x250.png",400,250,true],"et-pb-post-main-image-fullwidth":["https:\/\/familiahomeschool.com\/wp-content\/uploads\/2022\/12\/esferasANIMOS.png",506,506,false],"et-pb-portfolio-image":["https:\/\/familiahomeschool.com\/wp-content\/uploads\/2022\/12\/esferasANIMOS-400x284.png",400,284,true],"et-pb-portfolio-module-image":["https:\/\/familiahomeschool.com\/wp-content\/uploads\/2022\/12\/esferasANIMOS-506x382.png",506,382,true],"et-pb-portfolio-image-single":["https:\/\/familiahomeschool.com\/wp-content\/uploads\/2022\/12\/esferasANIMOS.png",506,506,false],"et-pb-gallery-module-image-portrait":["https:\/\/familiahomeschool.com\/wp-content\/uploads\/2022\/12\/esferasANIMOS-400x506.png",400,506,true],"et-pb-post-main-image-fullwidth-large":["https:\/\/familiahomeschool.com\/wp-content\/uploads\/2022\/12\/esferasANIMOS.png",506,506,false],"et-pb-image--responsive--desktop":["https:\/\/familiahomeschool.com\/wp-content\/uploads\/2022\/12\/esferasANIMOS.png",506,506,false],"et-pb-image--responsive--tablet":["https:\/\/familiahomeschool.com\/wp-content\/uploads\/2022\/12\/esferasANIMOS.png",506,506,false],"et-pb-image--responsive--phone":["https:\/\/familiahomeschool.com\/wp-content\/uploads\/2022\/12\/esferasANIMOS-480x480.png",270,270,true],"woocommerce_thumbnail":["https:\/\/familiahomeschool.com\/wp-content\/uploads\/2022\/12\/esferasANIMOS-300x300.png",300,300,true],"woocommerce_single":["https:\/\/familiahomeschool.com\/wp-content\/uploads\/2022\/12\/esferasANIMOS.png",506,506,false],"woocommerce_gallery_thumbnail":["https:\/\/familiahomeschool.com\/wp-content\/uploads\/2022\/12\/esferasANIMOS-100x100.png",100,100,true]},"uagb_author_info":{"display_name":"info@familiahomeschool.com","author_link":"https:\/\/familiahomeschool.com\/index.php\/author\/"},"uagb_comment_info":0,"uagb_excerpt":"L\u00e1mina de trabajo para aprender, analizar y evaluar los estados de \u00e1nimo. \u2022 Formato PDF \u2022 Listo para imprimir \u2022 Material para homeschool \u2022 Sirve para portafolio escolar","jetpack_sharing_enabled":true,"_links":{"self":[{"href":"https:\/\/familiahomeschool.com\/index.php\/wp-json\/wp\/v2\/product\/4781","targetHints":{"allow":["GET"]}}],"collection":[{"href":"https:\/\/familiahomeschool.com\/index.php\/wp-json\/wp\/v2\/product"}],"about":[{"href":"https:\/\/familiahomeschool.com\/index.php\/wp-json\/wp\/v2\/types\/product"}],"replies":[{"embeddable":true,"href":"https:\/\/familiahomeschool.com\/index.php\/wp-json\/wp\/v2\/comments?post=4781"}],"wp:featuredmedia":[{"embeddable":true,"href":"https:\/\/familiahomeschool.com\/index.php\/wp-json\/wp\/v2\/media\/4782"}],"wp:attachment":[{"href":"https:\/\/familiahomeschool.com\/index.php\/wp-json\/wp\/v2\/media?parent=4781"}],"wp:term":[{"taxonomy":"product_brand","embeddable":true,"href":"https:\/\/familiahomeschool.com\/index.php\/wp-json\/wp\/v2\/product_brand?post=4781"},{"taxonomy":"product_cat","embeddable":true,"href":"https:\/\/familiahomeschool.com\/index.php\/wp-json\/wp\/v2\/product_cat?post=4781"},{"taxonomy":"product_tag","embeddable":true,"href":"https:\/\/familiahomeschool.com\/index.php\/wp-json\/wp\/v2\/product_tag?post=4781"}],"curies":[{"name":"wp","href":"https:\/\/api.w.org\/{rel}","templated":true}]}}