{"id":4807,"date":"2022-12-28T18:10:01","date_gmt":"2022-12-28T18:10:01","guid":{"rendered":"https:\/\/familiahomeschool.com\/?post_type=product&#038;p=4807"},"modified":"2022-12-28T18:38:37","modified_gmt":"2022-12-28T18:38:37","slug":"el-milagro-mas-grande-version-digital","status":"publish","type":"product","link":"https:\/\/familiahomeschool.com\/index.php\/product\/el-milagro-mas-grande-version-digital\/","title":{"rendered":"El milagro m\u00e1s grande (Versi\u00f3n digital)"},"content":{"rendered":"<p>Peque\u00f1o libro infantil que nos ense\u00f1a a trav\u00e9s de cortas historias b\u00edblicas algunos de los milagros que Jes\u00fas realiz\u00f3 durante su ministerio y que adem\u00e1s nos lleva a conocer cu\u00e1l fue el m\u00e1s grande de los milagros que ha realizado. Recomendado para ni\u00f1os de 0 a 10 a\u00f1os. Un libro para que lo puedan disfrutar en familia.<\/p>\n","protected":false},"excerpt":{"rendered":"<p>\u2022 Full color<br \/>\n\u2022 Ilustraciones<br \/>\n\u2022 44 p\u00e1ginas<br \/>\n\u2022 Tama\u00f1o 15\u00d715 cm<\/p>\n","protected":false},"featured_media":4809,"comment_status":"open","ping_status":"closed","template":"","meta":{"_et_pb_use_builder":"","_et_pb_old_content":"","_et_gb_content_width":"","om_disable_all_campaigns":false,"_uag_custom_page_level_css":"","_monsterinsights_skip_tracking":false,"_monsterinsights_sitenote_active":false,"_monsterinsights_sitenote_note":"","_monsterinsights_sitenote_category":0},"product_brand":[],"product_cat":[138],"product_tag":[134,135,104,136,137],"class_list":{"0":"post-4807","1":"product","2":"type-product","3":"status-publish","4":"has-post-thumbnail","6":"product_cat-libros-digitales","7":"product_tag-el-milagro-mas-grande","8":"product_tag-el-milagro-mas-grande-de-jesus","9":"product_tag-libro-para-leer-en-familia","10":"product_tag-milagros","11":"product_tag-milgros-de-jesus","13":"first","14":"instock","15":"downloadable","16":"virtual","17":"taxable","18":"purchasable","19":"product-type-simple"},"aioseo_notices":[],"uagb_featured_image_src":{"full":["https:\/\/familiahomeschool.com\/wp-content\/uploads\/2022\/12\/milagro-PDF-1.jpg",800,805,false],"thumbnail":["https:\/\/familiahomeschool.com\/wp-content\/uploads\/2022\/12\/milagro-PDF-1-150x150.jpg",150,150,true],"medium":["https:\/\/familiahomeschool.com\/wp-content\/uploads\/2022\/12\/milagro-PDF-1-298x300.jpg",298,300,true],"medium_large":["https:\/\/familiahomeschool.com\/wp-content\/uploads\/2022\/12\/milagro-PDF-1-768x773.jpg",768,773,true],"large":["https:\/\/familiahomeschool.com\/wp-content\/uploads\/2022\/12\/milagro-PDF-1.jpg",800,805,false],"1536x1536":["https:\/\/familiahomeschool.com\/wp-content\/uploads\/2022\/12\/milagro-PDF-1.jpg",800,805,false],"2048x2048":["https:\/\/familiahomeschool.com\/wp-content\/uploads\/2022\/12\/milagro-PDF-1.jpg",800,805,false],"et-pb-post-main-image":["https:\/\/familiahomeschool.com\/wp-content\/uploads\/2022\/12\/milagro-PDF-1-400x250.jpg",400,250,true],"et-pb-post-main-image-fullwidth":["https:\/\/familiahomeschool.com\/wp-content\/uploads\/2022\/12\/milagro-PDF-1-800x675.jpg",800,675,true],"et-pb-portfolio-image":["https:\/\/familiahomeschool.com\/wp-content\/uploads\/2022\/12\/milagro-PDF-1-400x284.jpg",400,284,true],"et-pb-portfolio-module-image":["https:\/\/familiahomeschool.com\/wp-content\/uploads\/2022\/12\/milagro-PDF-1-510x382.jpg",510,382,true],"et-pb-portfolio-image-single":["https:\/\/familiahomeschool.com\/wp-content\/uploads\/2022\/12\/milagro-PDF-1.jpg",800,805,false],"et-pb-gallery-module-image-portrait":["https:\/\/familiahomeschool.com\/wp-content\/uploads\/2022\/12\/milagro-PDF-1-400x516.jpg",400,516,true],"et-pb-post-main-image-fullwidth-large":["https:\/\/familiahomeschool.com\/wp-content\/uploads\/2022\/12\/milagro-PDF-1.jpg",800,805,false],"et-pb-image--responsive--desktop":["https:\/\/familiahomeschool.com\/wp-content\/uploads\/2022\/12\/milagro-PDF-1.jpg",716,720,false],"et-pb-image--responsive--tablet":["https:\/\/familiahomeschool.com\/wp-content\/uploads\/2022\/12\/milagro-PDF-1.jpg",548,551,false],"et-pb-image--responsive--phone":["https:\/\/familiahomeschool.com\/wp-content\/uploads\/2022\/12\/milagro-PDF-1-480x483.jpg",268,270,true],"woocommerce_thumbnail":["https:\/\/familiahomeschool.com\/wp-content\/uploads\/2022\/12\/milagro-PDF-1-300x300.jpg",300,300,true],"woocommerce_single":["https:\/\/familiahomeschool.com\/wp-content\/uploads\/2022\/12\/milagro-PDF-1-600x604.jpg",600,604,true],"woocommerce_gallery_thumbnail":["https:\/\/familiahomeschool.com\/wp-content\/uploads\/2022\/12\/milagro-PDF-1-100x100.jpg",100,100,true]},"uagb_author_info":{"display_name":"info@familiahomeschool.com","author_link":"https:\/\/familiahomeschool.com\/index.php\/author\/"},"uagb_comment_info":0,"uagb_excerpt":"\u2022 Full color \u2022 Ilustraciones \u2022 44 p\u00e1ginas \u2022 Tama\u00f1o 15\u00d715 cm","jetpack_sharing_enabled":true,"_links":{"self":[{"href":"https:\/\/familiahomeschool.com\/index.php\/wp-json\/wp\/v2\/product\/4807","targetHints":{"allow":["GET"]}}],"collection":[{"href":"https:\/\/familiahomeschool.com\/index.php\/wp-json\/wp\/v2\/product"}],"about":[{"href":"https:\/\/familiahomeschool.com\/index.php\/wp-json\/wp\/v2\/types\/product"}],"replies":[{"embeddable":true,"href":"https:\/\/familiahomeschool.com\/index.php\/wp-json\/wp\/v2\/comments?post=4807"}],"wp:featuredmedia":[{"embeddable":true,"href":"https:\/\/familiahomeschool.com\/index.php\/wp-json\/wp\/v2\/media\/4809"}],"wp:attachment":[{"href":"https:\/\/familiahomeschool.com\/index.php\/wp-json\/wp\/v2\/media?parent=4807"}],"wp:term":[{"taxonomy":"product_brand","embeddable":true,"href":"https:\/\/familiahomeschool.com\/index.php\/wp-json\/wp\/v2\/product_brand?post=4807"},{"taxonomy":"product_cat","embeddable":true,"href":"https:\/\/familiahomeschool.com\/index.php\/wp-json\/wp\/v2\/product_cat?post=4807"},{"taxonomy":"product_tag","embeddable":true,"href":"https:\/\/familiahomeschool.com\/index.php\/wp-json\/wp\/v2\/product_tag?post=4807"}],"curies":[{"name":"wp","href":"https:\/\/api.w.org\/{rel}","templated":true}]}}