{"id":4852,"date":"2023-04-13T23:33:06","date_gmt":"2023-04-13T23:33:06","guid":{"rendered":"https:\/\/familiahomeschool.com\/?post_type=product&#038;p=4852"},"modified":"2025-06-08T22:30:34","modified_gmt":"2025-06-08T22:30:34","slug":"el-reloj-de-dios","status":"publish","type":"product","link":"https:\/\/familiahomeschool.com\/index.php\/product\/el-reloj-de-dios\/","title":{"rendered":"EL Reloj de Dios"},"content":{"rendered":"<p>Colorido libro infantil que nos ayuda a aprender sobre las convocatorias b\u00edblicas, esas citas divinas que fueron se\u00f1aladas por El Padre Celestial las mismas que todo ciudadano del Reino debe conocerlas y celebrarlas para que avance en dise\u00f1o y prop\u00f3sito. Adqu\u00ederelo y ense\u00f1a a tus generaciones a compreder y conocer la importancia de vivir alineados a los tiempos del Padre Celestial.<\/p>\n<ul>\n<li>Cover full color<\/li>\n<li>Espiralado met\u00e1lico<\/li>\n<li>32 p\u00e1ginas interiores a full color<\/li>\n<li>Tama\u00f1o de 6 x 6 pulgadas o 16 x 16 cm<\/li>\n<\/ul>\n","protected":false},"excerpt":{"rendered":"<p>\u2022 Full color<br \/>\n\u2022 Ilustraciones<br \/>\n\u2022 44 p\u00e1ginas<br \/>\n\u2022 Tama\u00f1o 15\u00d715 cm<\/p>\n","protected":false},"featured_media":4853,"comment_status":"open","ping_status":"closed","template":"","meta":{"_et_pb_use_builder":"","_et_pb_old_content":"","_et_gb_content_width":"","om_disable_all_campaigns":false,"_uag_custom_page_level_css":"","_monsterinsights_skip_tracking":false,"_monsterinsights_sitenote_active":false,"_monsterinsights_sitenote_note":"","_monsterinsights_sitenote_category":0},"product_brand":[],"product_cat":[77],"product_tag":[149,144,146,148,145,147],"class_list":{"0":"post-4852","1":"product","2":"type-product","3":"status-publish","4":"has-post-thumbnail","6":"product_cat-libros","7":"product_tag-convocatorias-biblicas","8":"product_tag-el-reloj-de-dios","9":"product_tag-fiestas-biblicas","10":"product_tag-fiestas-de-dios","11":"product_tag-reloj-de-dios","12":"product_tag-santas-convocatorias","14":"first","15":"instock","16":"taxable","17":"shipping-taxable","18":"purchasable","19":"product-type-simple"},"aioseo_notices":[],"uagb_featured_image_src":{"full":["https:\/\/familiahomeschool.com\/wp-content\/uploads\/2023\/04\/RDD-1.jpg",1200,1200,false],"thumbnail":["https:\/\/familiahomeschool.com\/wp-content\/uploads\/2023\/04\/RDD-1-150x150.jpg",150,150,true],"medium":["https:\/\/familiahomeschool.com\/wp-content\/uploads\/2023\/04\/RDD-1-300x300.jpg",300,300,true],"medium_large":["https:\/\/familiahomeschool.com\/wp-content\/uploads\/2023\/04\/RDD-1-768x768.jpg",768,768,true],"large":["https:\/\/familiahomeschool.com\/wp-content\/uploads\/2023\/04\/RDD-1-1024x1024.jpg",1024,1024,true],"1536x1536":["https:\/\/familiahomeschool.com\/wp-content\/uploads\/2023\/04\/RDD-1.jpg",1200,1200,false],"2048x2048":["https:\/\/familiahomeschool.com\/wp-content\/uploads\/2023\/04\/RDD-1.jpg",1200,1200,false],"et-pb-post-main-image":["https:\/\/familiahomeschool.com\/wp-content\/uploads\/2023\/04\/RDD-1-400x250.jpg",400,250,true],"et-pb-post-main-image-fullwidth":["https:\/\/familiahomeschool.com\/wp-content\/uploads\/2023\/04\/RDD-1-1080x675.jpg",1080,675,true],"et-pb-portfolio-image":["https:\/\/familiahomeschool.com\/wp-content\/uploads\/2023\/04\/RDD-1-400x284.jpg",400,284,true],"et-pb-portfolio-module-image":["https:\/\/familiahomeschool.com\/wp-content\/uploads\/2023\/04\/RDD-1-510x382.jpg",510,382,true],"et-pb-portfolio-image-single":["https:\/\/familiahomeschool.com\/wp-content\/uploads\/2023\/04\/RDD-1-1080x1080.jpg",1080,1080,true],"et-pb-gallery-module-image-portrait":["https:\/\/familiahomeschool.com\/wp-content\/uploads\/2023\/04\/RDD-1-400x516.jpg",400,516,true],"et-pb-post-main-image-fullwidth-large":["https:\/\/familiahomeschool.com\/wp-content\/uploads\/2023\/04\/RDD-1.jpg",1200,1200,false],"et-pb-image--responsive--desktop":["https:\/\/familiahomeschool.com\/wp-content\/uploads\/2023\/04\/RDD-1.jpg",720,720,false],"et-pb-image--responsive--tablet":["https:\/\/familiahomeschool.com\/wp-content\/uploads\/2023\/04\/RDD-1-980x980.jpg",551,551,true],"et-pb-image--responsive--phone":["https:\/\/familiahomeschool.com\/wp-content\/uploads\/2023\/04\/RDD-1-480x480.jpg",270,270,true],"woocommerce_thumbnail":["https:\/\/familiahomeschool.com\/wp-content\/uploads\/2023\/04\/RDD-1-300x300.jpg",300,300,true],"woocommerce_single":["https:\/\/familiahomeschool.com\/wp-content\/uploads\/2023\/04\/RDD-1-600x600.jpg",600,600,true],"woocommerce_gallery_thumbnail":["https:\/\/familiahomeschool.com\/wp-content\/uploads\/2023\/04\/RDD-1-100x100.jpg",100,100,true]},"uagb_author_info":{"display_name":"info@familiahomeschool.com","author_link":"https:\/\/familiahomeschool.com\/index.php\/author\/"},"uagb_comment_info":1,"uagb_excerpt":"\u2022 Full color \u2022 Ilustraciones \u2022 44 p\u00e1ginas \u2022 Tama\u00f1o 15\u00d715 cm","jetpack_sharing_enabled":true,"_links":{"self":[{"href":"https:\/\/familiahomeschool.com\/index.php\/wp-json\/wp\/v2\/product\/4852","targetHints":{"allow":["GET"]}}],"collection":[{"href":"https:\/\/familiahomeschool.com\/index.php\/wp-json\/wp\/v2\/product"}],"about":[{"href":"https:\/\/familiahomeschool.com\/index.php\/wp-json\/wp\/v2\/types\/product"}],"replies":[{"embeddable":true,"href":"https:\/\/familiahomeschool.com\/index.php\/wp-json\/wp\/v2\/comments?post=4852"}],"wp:featuredmedia":[{"embeddable":true,"href":"https:\/\/familiahomeschool.com\/index.php\/wp-json\/wp\/v2\/media\/4853"}],"wp:attachment":[{"href":"https:\/\/familiahomeschool.com\/index.php\/wp-json\/wp\/v2\/media?parent=4852"}],"wp:term":[{"taxonomy":"product_brand","embeddable":true,"href":"https:\/\/familiahomeschool.com\/index.php\/wp-json\/wp\/v2\/product_brand?post=4852"},{"taxonomy":"product_cat","embeddable":true,"href":"https:\/\/familiahomeschool.com\/index.php\/wp-json\/wp\/v2\/product_cat?post=4852"},{"taxonomy":"product_tag","embeddable":true,"href":"https:\/\/familiahomeschool.com\/index.php\/wp-json\/wp\/v2\/product_tag?post=4852"}],"curies":[{"name":"wp","href":"https:\/\/api.w.org\/{rel}","templated":true}]}}