{"id":4967,"date":"2024-10-18T02:16:40","date_gmt":"2024-10-18T02:16:40","guid":{"rendered":"https:\/\/familiahomeschool.com\/?post_type=product&#038;p=4967"},"modified":"2024-10-18T02:24:17","modified_gmt":"2024-10-18T02:24:17","slug":"america-y-los-vikingos","status":"publish","type":"product","link":"https:\/\/familiahomeschool.com\/index.php\/product\/america-y-los-vikingos\/","title":{"rendered":"Am\u00e9rica y los vikingos"},"content":{"rendered":"<p>8 l\u00e1minas de trabajo para aprender sobre la llegada de los vikingos a Am\u00e9rica.<\/p>\n<p>\u2022 Formato PDF<br \/>\n\u2022 Listo para imprimir<br \/>\n\u2022 Material para homeschool<br \/>\n\u2022 Sirve para portafolio escolar<br \/>\n\u2022 Pinta, lee, conversa y desarrolla la creatividad<\/p>\n","protected":false},"excerpt":{"rendered":"<p>8 l\u00e1minas de trabajo para aprender sobre la llegada de los vikingos a Am\u00e9rica. \u2022 Formato PDF \u2022 Listo para imprimir \u2022 Material para homeschool \u2022 Sirve para portafolio escolar \u2022 Pinta, lee, conversa y desarrolla la creatividad<\/p>\n","protected":false},"featured_media":4972,"comment_status":"open","ping_status":"closed","template":"","meta":{"_et_pb_use_builder":"","_et_pb_old_content":"","_et_gb_content_width":"","om_disable_all_campaigns":false,"_uag_custom_page_level_css":"","_monsterinsights_skip_tracking":false,"_monsterinsights_sitenote_active":false,"_monsterinsights_sitenote_note":"","_monsterinsights_sitenote_category":0},"product_brand":[],"product_cat":[66,52],"product_tag":[161,163,59,157,160,162],"class_list":{"0":"post-4967","1":"product","2":"type-product","3":"status-publish","4":"has-post-thumbnail","6":"product_cat-digital","7":"product_cat-material","8":"product_tag-los-vikingos","9":"product_tag-los-vikingos-llegaron-primero-a-america","10":"product_tag-material-home-school","11":"product_tag-material-para-homeschool","12":"product_tag-quien-descubrio-los-continentes","13":"product_tag-vikingos-en-america","15":"first","16":"instock","17":"downloadable","18":"virtual","19":"taxable","20":"purchasable","21":"product-type-simple"},"aioseo_notices":[],"uagb_featured_image_src":{"full":["https:\/\/familiahomeschool.com\/wp-content\/uploads\/2024\/10\/AMERICA-Y-LOS-VIKINGOS-1.png",506,506,false],"thumbnail":["https:\/\/familiahomeschool.com\/wp-content\/uploads\/2024\/10\/AMERICA-Y-LOS-VIKINGOS-1-150x150.png",150,150,true],"medium":["https:\/\/familiahomeschool.com\/wp-content\/uploads\/2024\/10\/AMERICA-Y-LOS-VIKINGOS-1-300x300.png",300,300,true],"medium_large":["https:\/\/familiahomeschool.com\/wp-content\/uploads\/2024\/10\/AMERICA-Y-LOS-VIKINGOS-1.png",506,506,false],"large":["https:\/\/familiahomeschool.com\/wp-content\/uploads\/2024\/10\/AMERICA-Y-LOS-VIKINGOS-1.png",506,506,false],"1536x1536":["https:\/\/familiahomeschool.com\/wp-content\/uploads\/2024\/10\/AMERICA-Y-LOS-VIKINGOS-1.png",506,506,false],"2048x2048":["https:\/\/familiahomeschool.com\/wp-content\/uploads\/2024\/10\/AMERICA-Y-LOS-VIKINGOS-1.png",506,506,false],"et-pb-post-main-image":["https:\/\/familiahomeschool.com\/wp-content\/uploads\/2024\/10\/AMERICA-Y-LOS-VIKINGOS-1-400x250.png",400,250,true],"et-pb-post-main-image-fullwidth":["https:\/\/familiahomeschool.com\/wp-content\/uploads\/2024\/10\/AMERICA-Y-LOS-VIKINGOS-1.png",506,506,false],"et-pb-portfolio-image":["https:\/\/familiahomeschool.com\/wp-content\/uploads\/2024\/10\/AMERICA-Y-LOS-VIKINGOS-1-400x284.png",400,284,true],"et-pb-portfolio-module-image":["https:\/\/familiahomeschool.com\/wp-content\/uploads\/2024\/10\/AMERICA-Y-LOS-VIKINGOS-1-506x382.png",506,382,true],"et-pb-portfolio-image-single":["https:\/\/familiahomeschool.com\/wp-content\/uploads\/2024\/10\/AMERICA-Y-LOS-VIKINGOS-1.png",506,506,false],"et-pb-gallery-module-image-portrait":["https:\/\/familiahomeschool.com\/wp-content\/uploads\/2024\/10\/AMERICA-Y-LOS-VIKINGOS-1-400x506.png",400,506,true],"et-pb-post-main-image-fullwidth-large":["https:\/\/familiahomeschool.com\/wp-content\/uploads\/2024\/10\/AMERICA-Y-LOS-VIKINGOS-1.png",506,506,false],"et-pb-image--responsive--desktop":["https:\/\/familiahomeschool.com\/wp-content\/uploads\/2024\/10\/AMERICA-Y-LOS-VIKINGOS-1.png",506,506,false],"et-pb-image--responsive--tablet":["https:\/\/familiahomeschool.com\/wp-content\/uploads\/2024\/10\/AMERICA-Y-LOS-VIKINGOS-1.png",506,506,false],"et-pb-image--responsive--phone":["https:\/\/familiahomeschool.com\/wp-content\/uploads\/2024\/10\/AMERICA-Y-LOS-VIKINGOS-1-480x480.png",270,270,true],"woocommerce_thumbnail":["https:\/\/familiahomeschool.com\/wp-content\/uploads\/2024\/10\/AMERICA-Y-LOS-VIKINGOS-1-300x300.png",300,300,true],"woocommerce_single":["https:\/\/familiahomeschool.com\/wp-content\/uploads\/2024\/10\/AMERICA-Y-LOS-VIKINGOS-1.png",506,506,false],"woocommerce_gallery_thumbnail":["https:\/\/familiahomeschool.com\/wp-content\/uploads\/2024\/10\/AMERICA-Y-LOS-VIKINGOS-1-100x100.png",100,100,true]},"uagb_author_info":{"display_name":"info@familiahomeschool.com","author_link":"https:\/\/familiahomeschool.com\/index.php\/author\/"},"uagb_comment_info":4,"uagb_excerpt":"8 l\u00e1minas de trabajo para aprender sobre la llegada de los vikingos a Am\u00e9rica. \u2022 Formato PDF \u2022 Listo para imprimir \u2022 Material para homeschool \u2022 Sirve para portafolio escolar \u2022 Pinta, lee, conversa y desarrolla la creatividad","jetpack_sharing_enabled":true,"_links":{"self":[{"href":"https:\/\/familiahomeschool.com\/index.php\/wp-json\/wp\/v2\/product\/4967","targetHints":{"allow":["GET"]}}],"collection":[{"href":"https:\/\/familiahomeschool.com\/index.php\/wp-json\/wp\/v2\/product"}],"about":[{"href":"https:\/\/familiahomeschool.com\/index.php\/wp-json\/wp\/v2\/types\/product"}],"replies":[{"embeddable":true,"href":"https:\/\/familiahomeschool.com\/index.php\/wp-json\/wp\/v2\/comments?post=4967"}],"wp:featuredmedia":[{"embeddable":true,"href":"https:\/\/familiahomeschool.com\/index.php\/wp-json\/wp\/v2\/media\/4972"}],"wp:attachment":[{"href":"https:\/\/familiahomeschool.com\/index.php\/wp-json\/wp\/v2\/media?parent=4967"}],"wp:term":[{"taxonomy":"product_brand","embeddable":true,"href":"https:\/\/familiahomeschool.com\/index.php\/wp-json\/wp\/v2\/product_brand?post=4967"},{"taxonomy":"product_cat","embeddable":true,"href":"https:\/\/familiahomeschool.com\/index.php\/wp-json\/wp\/v2\/product_cat?post=4967"},{"taxonomy":"product_tag","embeddable":true,"href":"https:\/\/familiahomeschool.com\/index.php\/wp-json\/wp\/v2\/product_tag?post=4967"}],"curies":[{"name":"wp","href":"https:\/\/api.w.org\/{rel}","templated":true}]}}